{"id":1113,"date":"2020-06-10T06:55:01","date_gmt":"2020-06-10T06:55:01","guid":{"rendered":"https:\/\/aramisfoams.ro\/?page_id=1113"},"modified":"2020-06-10T07:25:53","modified_gmt":"2020-06-10T07:25:53","slug":"careers","status":"publish","type":"page","link":"https:\/\/aramisfoams.ro\/en\/careers\/","title":{"rendered":"Careers"},"content":{"rendered":"<p><section id=\"services\" data-kc-fullwidth=\"row\" class=\"kc-elm kc-css-618072 kc_row\"><div class=\"kc-row-container  kc-container\"><div class=\"kc-wrap-columns\"><div class=\"kc-elm kc-css-784916 kc_col-sm-12 kc_column kc_col-sm-12\"><div class=\"kc-col-container\"><div class=\"kc-elm kc-css-311277 kc_row kc_row_inner\"><div class=\"kc-elm kc-css-236687 kc_col-sm-12 kc_column_inner kc_col-sm-12\"><div class=\"kc_wrapper kc-col-inner-container\">        \n        <div class=\"section-heading text-center kc-elm kc-css-820949\">\n                        <h3>Careers<\/h3>\n                                    <p>Are you smiling at the idea of a future career in Aramis Invest? Be a part of our team. Check the current available positions below.<\/p>\n                    <\/div>\n        \n        <div data-open-on-mouseover=\"\" data-tab-active=\"\" data-effect-option=\"\" class=\"kc-elm kc-css-190481 kc_tabs group white-bg\">\n\t<div class=\"kc_wrapper ui-tabs kc_clearfix\">\n\t\t<ul class=\"kc_tabs_nav ui-tabs-nav kc_clearfix\">\n\t\t\t<li><a href=\"#\" data-prevent=\"scroll\">CHEMICAL ENGINEER<\/a><\/li><li><a href=\"#\" data-prevent=\"scroll\">TESTER<\/a><\/li>\t\t<\/ul>\n\t\t<div id=\"chemical-engineer\" class=\"kc-elm kc-css-382226 kc_tab ui-tabs-panel kc_ui-tabs-hide kc_clearfix \"><div class=\"kc_tab_content\"><div class=\"kc-elm kc-css-256458 kc_row kc_row_inner\"><div class=\"kc-elm kc-css-542309 kc_col-sm-6 kc_column_inner kc_col-sm-6\"><div class=\"kc_wrapper kc-col-inner-container\"><div class=\"kc-elm kc-css-333698 kc_text_block\"><\/p>\n<h5>CERIN\u021aE<\/h5>\n<ul>\n<li style=\"box-sizing: border-box; margin: 0px 0px 10px 20px; padding: 0px; border: 0px; outline: 0px; vertical-align: baseline; background: transparent; list-style: initial;\">Studii superioare de specialitate: chimie organic\u0103 sau macromolecular\u0103;<\/li>\n<li style=\"box-sizing: border-box; margin: 0px 0px 10px 20px; padding: 0px; border: 0px; outline: 0px; vertical-align: baseline; background: transparent; list-style: initial;\">Limba englez\u0103 la nivel avansat obligatoriu;<\/li>\n<li style=\"box-sizing: border-box; margin: 0px 0px 10px 20px; padding: 0px; border: 0px; outline: 0px; vertical-align: baseline; background: transparent; list-style: initial;\">Abilit\u0103\u021bi excelente de utilizare PC;<\/li>\n<\/ul>\n<h5>OFERTA<\/h5>\n<ul>\n<li style=\"box-sizing: border-box; margin: 0px 0px 10px 20px; padding: 0px; border: 0px; outline: 0px; vertical-align: baseline; background: transparent; list-style: initial;\">Pachet salarial atractiv;<\/li>\n<li style=\"box-sizing: border-box; margin: 0px 0px 10px 20px; padding: 0px; border: 0px; outline: 0px; vertical-align: baseline; background: transparent; list-style: initial;\">Provocarea creativit\u0103\u021bii \u00eentr-un mediu multi-profesional;<\/li>\n<li style=\"box-sizing: border-box; margin: 0px 0px 10px 20px; padding: 0px; border: 0px; outline: 0px; vertical-align: baseline; background: transparent; list-style: initial;\">Dezvoltarea profesional\u0103 \u0219i posibilitatea de promovare \u00een cadrul unei companii puternice;<\/li>\n<\/ul>\n<p>\n<\/div><\/div><\/div><div class=\"kc-elm kc-css-299999 kc_col-sm-6 kc_column_inner kc_col-sm-6\"><div class=\"kc_wrapper kc-col-inner-container\"><div class=\"kc-contact-form7 kc-elm kc-css-199200\"><div class=\"cf7sg-container cf7sg-not-grid\"><div id=\"cf7sg-form-arpa-contact-form_copy_en\" class=\" key_arpa-contact-form_copy_en\">\n<div class=\"wpcf7 no-js\" id=\"wpcf7-f1117-o1\" lang=\"en-GB\" dir=\"ltr\" data-wpcf7-id=\"1117\">\n<div class=\"screen-reader-response\"><p role=\"status\" aria-live=\"polite\" aria-atomic=\"true\"><\/p> <ul><\/ul><\/div>\n<form action=\"\/en\/wp-json\/wp\/v2\/pages\/1113#wpcf7-f1117-o1\" method=\"post\" class=\"wpcf7-form init\" aria-label=\"Contact form\" enctype=\"multipart\/form-data\" novalidate=\"novalidate\" data-status=\"init\">\n<fieldset class=\"hidden-fields-container\"><input type=\"hidden\" name=\"_wpcf7\" value=\"1117\" \/><input type=\"hidden\" name=\"_wpcf7_version\" value=\"6.1.5\" \/><input type=\"hidden\" name=\"_wpcf7_locale\" value=\"en_GB\" \/><input type=\"hidden\" name=\"_wpcf7_unit_tag\" value=\"wpcf7-f1117-o1\" \/><input type=\"hidden\" name=\"_wpcf7_container_post\" value=\"0\" \/><input type=\"hidden\" name=\"_wpcf7_posted_data_hash\" value=\"\" \/><input type=\"hidden\" name=\"_wpcf7_key\" value=\"arpa-contact-form_copy_en\" \/><input type=\"hidden\" name=\"_cf7sg_toggles\" value=\"\" \/><input type=\"hidden\" name=\"_cf7sg_version\" value=\"4.15.8\" \/><input type=\"hidden\" name=\"_wpnonce\" value=\"225dabd6a3\" \/><input type=\"hidden\" name=\"_wpcf7_lang\" value=\"en\" \/><input type=\"hidden\" name=\"_wpcf7_recaptcha_response\" value=\"\" \/>\n<\/fieldset>\n<div class=\"contact-form\">\n\t<h5>Quickly apply\n\t<\/h5>\n\t<div class=\"col-md-12\">\n\t\t<div class=\"form-group\">\n\t\t\t<p><span class=\"wpcf7-form-control-wrap\" data-name=\"fname\"><input size=\"40\" maxlength=\"400\" class=\"wpcf7-form-control wpcf7-text wpcf7-validates-as-required form-control\" aria-required=\"true\" aria-invalid=\"false\" placeholder=\"Name &amp; Surname*\" value=\"\" type=\"text\" name=\"fname\" \/><\/span>\n\t\t\t<\/p>\n\t\t<\/div>\n\t\t<div class=\"form-group\">\n\t\t\t<p><span class=\"wpcf7-form-control-wrap\" data-name=\"email\"><input size=\"40\" maxlength=\"400\" class=\"wpcf7-form-control wpcf7-email wpcf7-validates-as-required wpcf7-text wpcf7-validates-as-email form-control\" aria-required=\"true\" aria-invalid=\"false\" placeholder=\"E-mail*\" value=\"\" type=\"email\" name=\"email\" \/><\/span>\n\t\t\t<\/p>\n\t\t<\/div>\n\t\t<div class=\" form-group\">\n\t\t\t<p><span class=\"wpcf7-form-control-wrap\" data-name=\"phone\"><input size=\"40\" maxlength=\"400\" class=\"wpcf7-form-control wpcf7-text wpcf7-validates-as-required form-control\" aria-required=\"true\" aria-invalid=\"false\" placeholder=\"Phone Number*\" value=\"\" type=\"text\" name=\"phone\" \/><\/span>\n\t\t\t<\/p>\n\t\t<\/div>\n\t\t<div class=\"form-group\">\n\t\t\t<p><span class=\"wpcf7-form-control-wrap\" data-name=\"msg\"><textarea cols=\"40\" rows=\"10\" maxlength=\"2000\" class=\"wpcf7-form-control wpcf7-textarea wpcf7-validates-as-required form-control\" aria-required=\"true\" aria-invalid=\"false\" placeholder=\"Your message*\" name=\"msg\"><\/textarea><\/span>\n\t\t\t<\/p>\n\t\t<\/div>\n\t\t<div class=\"row\">\n\t\t\t<div class=\"col-md-6\">\n\t\t\t\t<div class=\"form-group\">\n\t\t\t\t\t<p><label>Select CV<\/label><span class=\"wpcf7-form-control-wrap\" data-name=\"cv\"><input size=\"40\" class=\"wpcf7-form-control wpcf7-file wpcf7-validates-as-required\" accept=\".pdf,.docx\" aria-required=\"true\" aria-invalid=\"false\" type=\"file\" name=\"cv\" \/><\/span>\n\t\t\t\t\t<\/p>\n\t\t\t\t\t<div class=\"clearfix\">\n\t\t\t\t\t<\/div>\n\t\t\t\t<\/div>\n\t\t\t<\/div>\n\t\t\t<div class=\"col-md-6 text-right contact-loading\">\n\t\t\t\t<p><input class=\"wpcf7-form-control wpcf7-submit has-spinner default-btn contact-btn\" type=\"submit\" value=\"Apply\" \/>\n\t\t\t\t<\/p>\n\t\t\t<\/div>\n\t\t<\/div>\n\t<\/div>\n<\/div>\n<p><script>\n jQuery( '.fileContainer [type=file]' ).on( 'change', function ( event ){\n var file = jQuery(this)[0].files[0]\n if (file){\n jQuery(this).parent().parent().parent().find('.small-file-name').html(file.name);\n }\n} );<\/script>\n<\/p><div class=\"wpcf7-response-output\" aria-hidden=\"true\"><\/div>\n<\/form>\n<\/div>\n<\/div><\/div><\/div><\/div><\/div><\/div><\/div><\/div><div id=\"tester\" class=\"kc-elm kc-css-903957 kc_tab ui-tabs-panel kc_ui-tabs-hide kc_clearfix \"><div class=\"kc_tab_content\"><div class=\"kc-elm kc-css-631951 kc_row kc_row_inner\"><div class=\"kc-elm kc-css-871245 kc_col-sm-6 kc_column_inner kc_col-sm-6\"><div class=\"kc_wrapper kc-col-inner-container\"><div class=\"kc-elm kc-css-23017 kc_text_block\"><\/p>\n<h5>CERIN\u021aE<\/h5>\n<ul>\n<li style=\"box-sizing: border-box; margin: 0px 0px 10px 20px; padding: 0px; border: 0px; outline: 0px; vertical-align: baseline; background: transparent; list-style: initial;\">Persoan\u0103 serioas\u0103, con\u0219tiincioas\u0103, hot\u0103r\u00e2t\u0103, dinamic\u0103, plin\u0103 de ini\u021biativ\u0103;<\/li>\n<li style=\"box-sizing: border-box; margin: 0px 0px 10px 20px; padding: 0px; border: 0px; outline: 0px; vertical-align: baseline; background: transparent; list-style: initial;\">Studii medii;<\/li>\n<li style=\"box-sizing: border-box; margin: 0px 0px 10px 20px; padding: 0px; border: 0px; outline: 0px; vertical-align: baseline; background: transparent; list-style: initial;\">Experien\u021ba \u00een domeniu reprezint\u0103 avantaj;<\/li>\n<li style=\"box-sizing: border-box; margin: 0px 0px 10px 20px; padding: 0px; border: 0px; outline: 0px; vertical-align: baseline; background: transparent; list-style: initial;\">Ritmicitate \u00een executarea opera\u021biilor de lucru;<\/li>\n<\/ul>\n<h5>BENEFICII<\/h5>\n<ul>\n<li style=\"box-sizing: border-box; margin: 0px 0px 10px 20px; padding: 0px; border: 0px; outline: 0px; vertical-align: baseline; background: transparent; list-style: initial;\">Pachet salarial motivant<\/li>\n<li style=\"box-sizing: border-box; margin: 0px 0px 10px 20px; padding: 0px; border: 0px; outline: 0px; vertical-align: baseline; background: transparent; list-style: initial;\">Condi\u021bii superioare de munc\u0103;<\/li>\n<\/ul>\n<p>\n<\/div><\/div><\/div><div class=\"kc-elm kc-css-792666 kc_col-sm-6 kc_column_inner kc_col-sm-6\"><div class=\"kc_wrapper kc-col-inner-container\"><div class=\"kc-contact-form7 kc-elm kc-css-10066\"><div class=\"cf7sg-container cf7sg-not-grid\"><div id=\"cf7sg-form-arpa-contact-form_copy_en\" class=\" key_arpa-contact-form_copy_en\">\n<div class=\"wpcf7 no-js\" id=\"wpcf7-f1117-o2\" lang=\"en-GB\" dir=\"ltr\" data-wpcf7-id=\"1117\">\n<div class=\"screen-reader-response\"><p role=\"status\" aria-live=\"polite\" aria-atomic=\"true\"><\/p> <ul><\/ul><\/div>\n<form action=\"\/en\/wp-json\/wp\/v2\/pages\/1113#wpcf7-f1117-o2\" method=\"post\" class=\"wpcf7-form init\" aria-label=\"Contact form\" enctype=\"multipart\/form-data\" novalidate=\"novalidate\" data-status=\"init\">\n<fieldset class=\"hidden-fields-container\"><input type=\"hidden\" name=\"_wpcf7\" value=\"1117\" \/><input type=\"hidden\" name=\"_wpcf7_version\" value=\"6.1.5\" \/><input type=\"hidden\" name=\"_wpcf7_locale\" value=\"en_GB\" \/><input type=\"hidden\" name=\"_wpcf7_unit_tag\" value=\"wpcf7-f1117-o2\" \/><input type=\"hidden\" name=\"_wpcf7_container_post\" value=\"0\" \/><input type=\"hidden\" name=\"_wpcf7_posted_data_hash\" value=\"\" \/><input type=\"hidden\" name=\"_wpcf7_key\" value=\"arpa-contact-form_copy_en\" \/><input type=\"hidden\" name=\"_cf7sg_toggles\" value=\"\" \/><input type=\"hidden\" name=\"_cf7sg_version\" value=\"4.15.8\" \/><input type=\"hidden\" name=\"_wpnonce\" value=\"225dabd6a3\" \/><input type=\"hidden\" name=\"_wpcf7_lang\" value=\"en\" \/><input type=\"hidden\" name=\"_wpcf7_recaptcha_response\" value=\"\" \/>\n<\/fieldset>\n<div class=\"contact-form\">\n\t<h5>Quickly apply\n\t<\/h5>\n\t<div class=\"col-md-12\">\n\t\t<div class=\"form-group\">\n\t\t\t<p><span class=\"wpcf7-form-control-wrap\" data-name=\"fname\"><input size=\"40\" maxlength=\"400\" class=\"wpcf7-form-control wpcf7-text wpcf7-validates-as-required form-control\" aria-required=\"true\" aria-invalid=\"false\" placeholder=\"Name &amp; Surname*\" value=\"\" type=\"text\" name=\"fname\" \/><\/span>\n\t\t\t<\/p>\n\t\t<\/div>\n\t\t<div class=\"form-group\">\n\t\t\t<p><span class=\"wpcf7-form-control-wrap\" data-name=\"email\"><input size=\"40\" maxlength=\"400\" class=\"wpcf7-form-control wpcf7-email wpcf7-validates-as-required wpcf7-text wpcf7-validates-as-email form-control\" aria-required=\"true\" aria-invalid=\"false\" placeholder=\"E-mail*\" value=\"\" type=\"email\" name=\"email\" \/><\/span>\n\t\t\t<\/p>\n\t\t<\/div>\n\t\t<div class=\" form-group\">\n\t\t\t<p><span class=\"wpcf7-form-control-wrap\" data-name=\"phone\"><input size=\"40\" maxlength=\"400\" class=\"wpcf7-form-control wpcf7-text wpcf7-validates-as-required form-control\" aria-required=\"true\" aria-invalid=\"false\" placeholder=\"Phone Number*\" value=\"\" type=\"text\" name=\"phone\" \/><\/span>\n\t\t\t<\/p>\n\t\t<\/div>\n\t\t<div class=\"form-group\">\n\t\t\t<p><span class=\"wpcf7-form-control-wrap\" data-name=\"msg\"><textarea cols=\"40\" rows=\"10\" maxlength=\"2000\" class=\"wpcf7-form-control wpcf7-textarea wpcf7-validates-as-required form-control\" aria-required=\"true\" aria-invalid=\"false\" placeholder=\"Your message*\" name=\"msg\"><\/textarea><\/span>\n\t\t\t<\/p>\n\t\t<\/div>\n\t\t<div class=\"row\">\n\t\t\t<div class=\"col-md-6\">\n\t\t\t\t<div class=\"form-group\">\n\t\t\t\t\t<p><label>Select CV<\/label><span class=\"wpcf7-form-control-wrap\" data-name=\"cv\"><input size=\"40\" class=\"wpcf7-form-control wpcf7-file wpcf7-validates-as-required\" accept=\".pdf,.docx\" aria-required=\"true\" aria-invalid=\"false\" type=\"file\" name=\"cv\" \/><\/span>\n\t\t\t\t\t<\/p>\n\t\t\t\t\t<div class=\"clearfix\">\n\t\t\t\t\t<\/div>\n\t\t\t\t<\/div>\n\t\t\t<\/div>\n\t\t\t<div class=\"col-md-6 text-right contact-loading\">\n\t\t\t\t<p><input class=\"wpcf7-form-control wpcf7-submit has-spinner default-btn contact-btn\" type=\"submit\" value=\"Apply\" \/>\n\t\t\t\t<\/p>\n\t\t\t<\/div>\n\t\t<\/div>\n\t<\/div>\n<\/div>\n<p><script>\n jQuery( '.fileContainer [type=file]' ).on( 'change', function ( event ){\n var file = jQuery(this)[0].files[0]\n if (file){\n jQuery(this).parent().parent().parent().find('.small-file-name').html(file.name);\n }\n} );<\/script>\n<\/p><div class=\"wpcf7-response-output\" aria-hidden=\"true\"><\/div>\n<\/form>\n<\/div>\n<\/div><\/div><\/div><\/div><\/div><\/div><\/div><\/div>\t<\/div>\n<\/div>\n\n\n<\/div><\/div><\/div><\/div><\/div><\/div><\/div><\/section><section id=\"services\" data-kc-fullwidth=\"row\" class=\"kc-elm kc-css-520291 kc_row\"><div class=\"kc-row-container  kc-container  white-bg\"><div class=\"kc-wrap-columns\"><div class=\"kc-elm kc-css-811349 kc_col-sm-12 kc_column kc_col-sm-12\"><div class=\"kc-col-container\"><div class=\"kc-elm kc-css-148438 kc_row kc_row_inner\"><div class=\"kc-elm kc-css-421922 kc_col-sm-12 kc_column_inner kc_col-sm-12\"><div class=\"kc_wrapper kc-col-inner-container\">        \n        <div class=\"section-heading text-center kc-elm kc-css-214762\">\n                        <h3>APPLY FOR ANOTHER POSITION<\/h3>\n                                    <p>You want a future career in Aramis Invest but the your desired position is not listed? We invite you to complete the mini interview below and upload your CV in our database, and even if at the moment you apply there is no job available that suits your training, we will keep you informed for future openings. When recruiting staff, a very important aspect to consider is your professional training. To integrate in our organization, on the one hand, you must be able to work in a team, and on the other hand, you must have initiative. Responsibility for your work is also a very important plus. The quality of the services provided is essential for us.<\/p>\n                    <\/div>\n        \n        <div class=\"kc-contact-form7 kc-elm kc-css-346760\"><div class=\"cf7sg-container cf7sg-not-grid\"><div id=\"cf7sg-form-cariere_copy_en\" class=\" key_cariere_copy_en\">\n<div class=\"wpcf7 no-js\" id=\"wpcf7-f1119-o3\" lang=\"en-GB\" dir=\"ltr\" data-wpcf7-id=\"1119\">\n<div class=\"screen-reader-response\"><p role=\"status\" aria-live=\"polite\" aria-atomic=\"true\"><\/p> <ul><\/ul><\/div>\n<form action=\"\/en\/wp-json\/wp\/v2\/pages\/1113#wpcf7-f1119-o3\" method=\"post\" class=\"wpcf7-form init\" aria-label=\"Contact form\" enctype=\"multipart\/form-data\" novalidate=\"novalidate\" data-status=\"init\">\n<fieldset class=\"hidden-fields-container\"><input type=\"hidden\" name=\"_wpcf7\" value=\"1119\" \/><input type=\"hidden\" name=\"_wpcf7_version\" value=\"6.1.5\" \/><input type=\"hidden\" name=\"_wpcf7_locale\" value=\"en_GB\" \/><input type=\"hidden\" name=\"_wpcf7_unit_tag\" value=\"wpcf7-f1119-o3\" \/><input type=\"hidden\" name=\"_wpcf7_container_post\" value=\"0\" \/><input type=\"hidden\" name=\"_wpcf7_posted_data_hash\" value=\"\" \/><input type=\"hidden\" name=\"_wpcf7_key\" value=\"cariere_copy_en\" \/><input type=\"hidden\" name=\"_cf7sg_toggles\" value=\"\" \/><input type=\"hidden\" name=\"_cf7sg_version\" value=\"4.15.8\" \/><input type=\"hidden\" name=\"_wpnonce\" value=\"225dabd6a3\" \/><input type=\"hidden\" name=\"_wpcf7_lang\" value=\"en\" \/><input type=\"hidden\" name=\"_wpcf7_recaptcha_response\" value=\"\" \/>\n<\/fieldset>\n<div class=\"contact-form\">\n\t<h5>Default interview\n\t<\/h5>\n\t<div class=\"col-md-12\">\n\t\t<div class=\"form-group\">\n\t\t\t<p><span class=\"wpcf7-form-control-wrap\" data-name=\"fname\"><input size=\"40\" maxlength=\"400\" class=\"wpcf7-form-control wpcf7-text wpcf7-validates-as-required form-control\" aria-required=\"true\" aria-invalid=\"false\" placeholder=\"Name &amp; Surname*\" value=\"\" type=\"text\" name=\"fname\" \/><\/span>\n\t\t\t<\/p>\n\t\t<\/div>\n\t\t<div class=\"form-group\">\n\t\t\t<p><span class=\"wpcf7-form-control-wrap\" data-name=\"email\"><input size=\"40\" maxlength=\"400\" class=\"wpcf7-form-control wpcf7-email wpcf7-validates-as-required wpcf7-text wpcf7-validates-as-email form-control\" aria-required=\"true\" aria-invalid=\"false\" placeholder=\"E-mail*\" value=\"\" type=\"email\" name=\"email\" \/><\/span>\n\t\t\t<\/p>\n\t\t<\/div>\n\t\t<div class=\" form-group\">\n\t\t\t<p><span class=\"wpcf7-form-control-wrap\" data-name=\"phone\"><input size=\"40\" maxlength=\"400\" class=\"wpcf7-form-control wpcf7-text wpcf7-validates-as-required form-control\" aria-required=\"true\" aria-invalid=\"false\" placeholder=\"Phone Number*\" value=\"\" type=\"text\" name=\"phone\" \/><\/span>\n\t\t\t<\/p>\n\t\t<\/div>\n\t\t<div class=\"form-group\">\n\t\t\t<p><label>What other companies have you applied to?<\/label><span class=\"wpcf7-form-control-wrap\" data-name=\"answer1\"><input size=\"40\" maxlength=\"400\" class=\"wpcf7-form-control wpcf7-text wpcf7-validates-as-required form-control\" aria-required=\"true\" aria-invalid=\"false\" placeholder=\"Answer*\" value=\"\" type=\"text\" name=\"answer1\" \/><\/span>\n\t\t\t<\/p>\n\t\t<\/div>\n\t\t<div class=\"form-group\">\n\t\t\t<p><label>What are your professional expectations?<\/label><span class=\"wpcf7-form-control-wrap\" data-name=\"answer2\"><input size=\"40\" maxlength=\"400\" class=\"wpcf7-form-control wpcf7-text wpcf7-validates-as-required form-control\" aria-required=\"true\" aria-invalid=\"false\" placeholder=\"Answer*\" value=\"\" type=\"text\" name=\"answer2\" \/><\/span>\n\t\t\t<\/p>\n\t\t<\/div>\n\t\t<div class=\"form-group\">\n\t\t\t<p><label>Briefly describe your professional experience.<\/label><span class=\"wpcf7-form-control-wrap\" data-name=\"answer3\"><input size=\"40\" maxlength=\"400\" class=\"wpcf7-form-control wpcf7-text wpcf7-validates-as-required form-control\" aria-required=\"true\" aria-invalid=\"false\" placeholder=\"Answer*\" value=\"\" type=\"text\" name=\"answer3\" \/><\/span>\n\t\t\t<\/p>\n\t\t<\/div>\n\t\t<div class=\"form-group\">\n\t\t\t<p><label>Why do you think we should hire you?<\/label><span class=\"wpcf7-form-control-wrap\" data-name=\"answer4\"><input size=\"40\" maxlength=\"400\" class=\"wpcf7-form-control wpcf7-text wpcf7-validates-as-required form-control\" aria-required=\"true\" aria-invalid=\"false\" placeholder=\"Answer*\" value=\"\" type=\"text\" name=\"answer4\" \/><\/span>\n\t\t\t<\/p>\n\t\t<\/div>\n\t\t<div class=\"form-group\">\n\t\t\t<p><span class=\"wpcf7-form-control-wrap\" data-name=\"msg\"><textarea cols=\"40\" rows=\"10\" maxlength=\"2000\" class=\"wpcf7-form-control wpcf7-textarea wpcf7-validates-as-required form-control\" aria-required=\"true\" aria-invalid=\"false\" placeholder=\"Your message*\" name=\"msg\"><\/textarea><\/span>\n\t\t\t<\/p>\n\t\t<\/div>\n\t\t<div class=\"row\">\n\t\t\t<div class=\"col-md-6\">\n\t\t\t\t<div class=\"form-group\">\n\t\t\t\t\t<p><label>Select CV<\/label><span class=\"wpcf7-form-control-wrap\" data-name=\"cv\"><input size=\"40\" class=\"wpcf7-form-control wpcf7-file wpcf7-validates-as-required\" accept=\".pdf,.docx\" aria-required=\"true\" aria-invalid=\"false\" type=\"file\" name=\"cv\" \/><\/span>\n\t\t\t\t\t<\/p>\n\t\t\t\t\t<div class=\"clearfix\">\n\t\t\t\t\t<\/div>\n\t\t\t\t<\/div>\n\t\t\t<\/div>\n\t\t\t<div class=\"col-md-6 text-right contact-loading\">\n\t\t\t\t<p><input class=\"wpcf7-form-control wpcf7-submit has-spinner default-btn contact-btn\" type=\"submit\" value=\"Apply\" \/>\n\t\t\t\t<\/p>\n\t\t\t<\/div>\n\t\t<\/div>\n\t<\/div>\n<\/div>\n<p><script>\n jQuery( '.fileContainer [type=file]' ).on( 'change', function ( event ){\n var file = jQuery(this)[0].files[0]\n if (file){\n jQuery(this).parent().parent().parent().find('.small-file-name').html(file.name);\n }\n} );<\/script>\n<\/p><div class=\"wpcf7-response-output\" aria-hidden=\"true\"><\/div>\n<\/form>\n<\/div>\n<\/div><\/div><\/div><\/div><\/div><\/div><\/div><\/div><\/div><\/div><\/section><\/p>\n","protected":false},"excerpt":{"rendered":"","protected":false},"author":1,"featured_media":0,"parent":0,"menu_order":0,"comment_status":"closed","ping_status":"closed","template":"template-general.php","meta":{"_acf_changed":false,"_monsterinsights_skip_tracking":false,"_monsterinsights_sitenote_active":false,"_monsterinsights_sitenote_note":"","_monsterinsights_sitenote_category":0,"footnotes":""},"class_list":["post-1113","page","type-page","status-publish","hentry"],"acf":[],"_links":{"self":[{"href":"https:\/\/aramisfoams.ro\/en\/wp-json\/wp\/v2\/pages\/1113","targetHints":{"allow":["GET"]}}],"collection":[{"href":"https:\/\/aramisfoams.ro\/en\/wp-json\/wp\/v2\/pages"}],"about":[{"href":"https:\/\/aramisfoams.ro\/en\/wp-json\/wp\/v2\/types\/page"}],"author":[{"embeddable":true,"href":"https:\/\/aramisfoams.ro\/en\/wp-json\/wp\/v2\/users\/1"}],"replies":[{"embeddable":true,"href":"https:\/\/aramisfoams.ro\/en\/wp-json\/wp\/v2\/comments?post=1113"}],"version-history":[{"count":4,"href":"https:\/\/aramisfoams.ro\/en\/wp-json\/wp\/v2\/pages\/1113\/revisions"}],"predecessor-version":[{"id":1120,"href":"https:\/\/aramisfoams.ro\/en\/wp-json\/wp\/v2\/pages\/1113\/revisions\/1120"}],"wp:attachment":[{"href":"https:\/\/aramisfoams.ro\/en\/wp-json\/wp\/v2\/media?parent=1113"}],"curies":[{"name":"wp","href":"https:\/\/api.w.org\/{rel}","templated":true}]}}